{"id":142,"date":"2024-06-27T19:41:17","date_gmt":"2024-06-27T22:41:17","guid":{"rendered":"https:\/\/healfixadores.com.br\/complex\/?page_id=142"},"modified":"2025-08-05T11:40:24","modified_gmt":"2025-08-05T14:40:24","slug":"road-transport","status":"publish","type":"page","link":"https:\/\/complexbr.com\/en\/road-transport\/","title":{"rendered":"Road transportation"},"content":{"rendered":"<div data-elementor-type=\"wp-page\" data-elementor-id=\"142\" class=\"elementor elementor-142\" data-elementor-settings=\"{&quot;ha_cmc_init_switcher&quot;:&quot;no&quot;}\" data-elementor-post-type=\"page\">\n\t\t\t\t<div class=\"elementor-element elementor-element-578239ee e-flex e-con-boxed e-con e-parent\" data-id=\"578239ee\" data-element_type=\"container\" data-e-type=\"container\" data-settings=\"{&quot;background_background&quot;:&quot;classic&quot;,&quot;_ha_eqh_enable&quot;:false}\">\n\t\t\t\t\t<div class=\"e-con-inner\">\n\t\t<div class=\"elementor-element elementor-element-2fb6fa6 e-con-full e-flex e-con e-child\" data-id=\"2fb6fa6\" data-element_type=\"container\" data-e-type=\"container\" data-settings=\"{&quot;_ha_eqh_enable&quot;:false}\">\n\t\t\t\t<div class=\"elementor-element elementor-element-53097cd7 elementor-widget elementor-widget-heading\" data-id=\"53097cd7\" data-element_type=\"widget\" data-e-type=\"widget\" data-widget_type=\"heading.default\">\n\t\t\t\t<div class=\"elementor-widget-container\">\n\t\t\t\t\t<h2 class=\"elementor-heading-title elementor-size-default\">Road transportation<\/h2>\t\t\t\t<\/div>\n\t\t\t\t<\/div>\n\t\t\t\t<div class=\"elementor-element elementor-element-6fe80c8 elementor-widget elementor-widget-text-editor\" data-id=\"6fe80c8\" data-element_type=\"widget\" data-e-type=\"widget\" data-widget_type=\"text-editor.default\">\n\t\t\t\t<div class=\"elementor-widget-container\">\n\t\t\t\t\t\t\t\t\t<p>We offer complete and customized solutions for your transport and foreign trade needs, with a focus on efficiency and reliability.<\/p>\t\t\t\t\t\t\t\t<\/div>\n\t\t\t\t<\/div>\n\t\t\t\t<\/div>\n\t\t<div class=\"elementor-element elementor-element-577e851 e-con-full e-flex e-con e-child\" data-id=\"577e851\" data-element_type=\"container\" data-e-type=\"container\" data-settings=\"{&quot;_ha_eqh_enable&quot;:false}\">\n\t\t\t\t<\/div>\n\t\t\t\t\t<\/div>\n\t\t\t\t<\/div>\n\t\t<div class=\"elementor-element elementor-element-89b1905 e-flex e-con-boxed e-con e-parent\" data-id=\"89b1905\" data-element_type=\"container\" data-e-type=\"container\" data-settings=\"{&quot;_ha_eqh_enable&quot;:false}\">\n\t\t\t\t\t<div class=\"e-con-inner\">\n\t\t<div class=\"elementor-element elementor-element-8e8dba6 e-con-full jkit-sticky-element--enabled jkit-sticky-position--fixed elementor-hidden-mobile elementor-hidden-tablet e-flex jkit-sticky-element-on--down e-con e-child\" data-id=\"8e8dba6\" data-element_type=\"container\" data-e-type=\"container\" data-settings=\"{&quot;_ha_eqh_enable&quot;:false,&quot;jkit_sticky_device&quot;:&quot;desktop&quot;,&quot;jkit_sticky_top_position&quot;:{&quot;unit&quot;:&quot;px&quot;,&quot;size&quot;:0,&quot;sizes&quot;:[]}}\">\n\t\t<div class=\"elementor-element elementor-element-a51009c e-con-full elementor-hidden-tablet elementor-hidden-mobile e-flex elementor-invisible e-con e-child\" data-id=\"a51009c\" data-element_type=\"container\" data-e-type=\"container\" data-settings=\"{&quot;background_background&quot;:&quot;classic&quot;,&quot;animation&quot;:&quot;fadeInLeft&quot;,&quot;_ha_eqh_enable&quot;:false}\">\n\t\t\t\t<div class=\"elementor-element elementor-element-9bbaad3 elementor-widget elementor-widget-heading\" data-id=\"9bbaad3\" data-element_type=\"widget\" data-e-type=\"widget\" data-widget_type=\"heading.default\">\n\t\t\t\t<div class=\"elementor-widget-container\">\n\t\t\t\t\t<h2 class=\"elementor-heading-title elementor-size-default\">Our Services<\/h2>\t\t\t\t<\/div>\n\t\t\t\t<\/div>\n\t\t\t\t<div class=\"elementor-element elementor-element-2f26071 elementor-widget elementor-widget-text-editor\" data-id=\"2f26071\" data-element_type=\"widget\" data-e-type=\"widget\" data-widget_type=\"text-editor.default\">\n\t\t\t\t<div class=\"elementor-widget-container\">\n\t\t\t\t\t\t\t\t\t<p>Since 1974, we have been offering reliable and innovative logistics solutions to companies all over the world.<\/p>\t\t\t\t\t\t\t\t<\/div>\n\t\t\t\t<\/div>\n\t\t\t\t<div class=\"elementor-element elementor-element-164ce7e elementor-widget elementor-widget-jkit_nav_menu\" data-id=\"164ce7e\" data-element_type=\"widget\" data-e-type=\"widget\" data-widget_type=\"jkit_nav_menu.default\">\n\t\t\t\t<div class=\"elementor-widget-container\">\n\t\t\t\t\t<div  class=\"jeg-elementor-kit jkit-nav-menu break-point-tablet submenu-click-title jeg_module___69fdd74679823\"  data-item-indicator=\"&lt;i aria-hidden=&quot;true&quot; class=&quot;jki jki-angle-down-solid&quot;&gt;&lt;\/i&gt;\"><button aria-label=\"open-menu\" class=\"jkit-hamburger-menu\"><svg aria-hidden=\"true\" class=\"e-font-icon-svg e-fas-bars\" viewbox=\"0 0 448 512\" xmlns=\"http:\/\/www.w3.org\/2000\/svg\"><path d=\"M16 132h416c8.837 0 16-7.163 16-16V76c0-8.837-7.163-16-16-16H16C7.163 60 0 67.163 0 76v40c0 8.837 7.163 16 16 16zm0 160h416c8.837 0 16-7.163 16-16v-40c0-8.837-7.163-16-16-16H16c-8.837 0-16 7.163-16 16v40c0 8.837 7.163 16 16 16zm0 160h416c8.837 0 16-7.163 16-16v-40c0-8.837-7.163-16-16-16H16c-8.837 0-16 7.163-16 16v40c0 8.837 7.163 16 16 16z\"><\/path><\/svg><\/button>\n        <div class=\"jkit-menu-wrapper\"><div class=\"jkit-menu-container\"><ul id=\"menu-menu-lateral-servicos\" class=\"jkit-menu jkit-menu-direction-block jkit-submenu-position-left\"><li id=\"menu-item-371\" class=\"menu-item menu-item-type-post_type menu-item-object-page menu-item-371\"><a href=\"https:\/\/complexbr.com\/en\/road-transport\/\">Road transportation<\/a><\/li>\n<li id=\"menu-item-370\" class=\"menu-item menu-item-type-post_type menu-item-object-page menu-item-370\"><a href=\"https:\/\/complexbr.com\/en\/sea-and-air-transport\/\">Sea and air transport<\/a><\/li>\n<li id=\"menu-item-369\" class=\"menu-item menu-item-type-post_type menu-item-object-page menu-item-369\"><a href=\"https:\/\/complexbr.com\/en\/terminal-de-armazenagem\/\">Storage Terminal<\/a><\/li>\n<li id=\"menu-item-368\" class=\"menu-item menu-item-type-post_type menu-item-object-page menu-item-368\"><a href=\"https:\/\/complexbr.com\/en\/assessoria-em-comercio-exterior\/\">Foreign Trade Advice<\/a><\/li>\n<li id=\"menu-item-646\" class=\"menu-item menu-item-type-post_type menu-item-object-page menu-item-646\"><a href=\"https:\/\/complexbr.com\/en\/cabotagem\/\">Cabotage<\/a><\/li>\n<\/ul><\/div>\n            <div class=\"jkit-nav-identity-panel\">\n                <div class=\"jkit-nav-site-title\"><a href=\"https:\/\/complexbr.com\/en\" class=\"jkit-nav-logo\" aria-label=\"Home Link\"><\/a><\/div>\n                <button aria-label=\"close-menu\" class=\"jkit-close-menu\"><svg aria-hidden=\"true\" class=\"e-font-icon-svg e-fas-times\" viewbox=\"0 0 352 512\" xmlns=\"http:\/\/www.w3.org\/2000\/svg\"><path d=\"M242.72 256l100.07-100.07c12.28-12.28 12.28-32.19 0-44.48l-22.24-22.24c-12.28-12.28-32.19-12.28-44.48 0L176 189.28 75.93 89.21c-12.28-12.28-32.19-12.28-44.48 0L9.21 111.45c-12.28 12.28-12.28 32.19 0 44.48L109.28 256 9.21 356.07c-12.28 12.28-12.28 32.19 0 44.48l22.24 22.24c12.28 12.28 32.2 12.28 44.48 0L176 322.72l100.07 100.07c12.28 12.28 32.2 12.28 44.48 0l22.24-22.24c12.28-12.28 12.28-32.19 0-44.48L242.72 256z\"><\/path><\/svg><\/button>\n            <\/div>\n        <\/div>\n        <div class=\"jkit-overlay\"><\/div><\/div>\t\t\t\t<\/div>\n\t\t\t\t<\/div>\n\t\t\t\t<\/div>\n\t\t\t\t<\/div>\n\t\t<div class=\"elementor-element elementor-element-0687200 e-con-full e-flex e-con e-child\" data-id=\"0687200\" data-element_type=\"container\" data-e-type=\"container\" data-settings=\"{&quot;_ha_eqh_enable&quot;:false}\">\n\t\t\t\t<div class=\"elementor-element elementor-element-d8157a8 elementor-widget elementor-widget-heading\" data-id=\"d8157a8\" data-element_type=\"widget\" data-e-type=\"widget\" data-widget_type=\"heading.default\">\n\t\t\t\t<div class=\"elementor-widget-container\">\n\t\t\t\t\t<h2 class=\"elementor-heading-title elementor-size-default\">National and international road transportation.<\/h2>\t\t\t\t<\/div>\n\t\t\t\t<\/div>\n\t\t\t\t<div class=\"elementor-element elementor-element-403f772c elementor-widget elementor-widget-text-editor\" data-id=\"403f772c\" data-element_type=\"widget\" data-e-type=\"widget\" data-widget_type=\"text-editor.default\">\n\t\t\t\t<div class=\"elementor-widget-container\">\n\t\t\t\t\t\t\t\t\t<p>Complex Multimodal offers complete road transportation solutions, guaranteeing the safe and efficient movement of goods both nationally and internationally. With a robust network and agile operations, we connect companies, markets and people, overcoming distances with efficiency and responsibility.<\/p><h4>Expansion without Limits<\/h4><p>Our National and International Road Transportation service is essential for an integrated and efficient supply chain. We cover vast distances, ensuring punctual and safe deliveries from door to door, city to city, and country to country. Whether for FTL (Full Truck Load) or LTL (Less than Truck Load) loads, we have the ideal solution to meet your logistics needs.<\/p><h4>Strategic Partnerships for Success<\/h4><p>Our diversified fleet, together with strategic partnerships with reliable suppliers, guarantees flexibility and the ability to handle different types of cargo, including perishable, hazardous and high-volume. In addition, our route optimization strategy ensures maximum efficiency in terms of time and cost, directly benefiting our clients and their businesses.<\/p><h4>Innovation and Road Safety<\/h4><p>Equipped with advanced tracking technology, we offer total visibility and control over your shipments in real time. This, combined with strict security measures, ensures that each delivery reaches its destination in perfect condition. From collection to delivery, our team monitors every step of the journey, guaranteeing the integrity of your cargo and peace of mind that it is in safe hands.<\/p><h4>Excellence as Standard<\/h4><p>At Complex Multimodal, our commitment to excellence is what guides us. Our team of road transportation experts is dedicated to providing exceptional service tailored to your specific needs. This includes expert logistics advice, strategic planning and customized solutions that perfectly fit the unique requirements of your transport projects.<\/p><p>With Complex Multimodal's National and International Road Transportation service, you get more than just cargo transportation; you get a partner committed to boosting your success, connecting your company to the rest of the world with efficiency and reliability.<\/p>\t\t\t\t\t\t\t\t<\/div>\n\t\t\t\t<\/div>\n\t\t\t\t<div class=\"elementor-element elementor-element-c0ff130 elementor-button-align-stretch elementor-widget elementor-widget-form\" data-id=\"c0ff130\" data-element_type=\"widget\" data-e-type=\"widget\" data-settings=\"{&quot;button_width&quot;:&quot;50&quot;,&quot;step_next_label&quot;:&quot;Next&quot;,&quot;step_previous_label&quot;:&quot;Previous&quot;,&quot;step_type&quot;:&quot;number_text&quot;,&quot;step_icon_shape&quot;:&quot;circle&quot;}\" data-widget_type=\"form.default\">\n\t\t\t\t<div class=\"elementor-widget-container\">\n\t\t\t\t\t\t\t<form class=\"elementor-form\" method=\"post\" name=\"Form Transporte Rodovi\u00e1rio\" action=\"\">\n\t\t\t<input type=\"hidden\" name=\"post_id\" value=\"142\"\/>\n\t\t\t<input type=\"hidden\" name=\"form_id\" value=\"c0ff130\"\/>\n\t\t\t<input type=\"hidden\" name=\"referer_title\" value=\"Complex\" \/>\n\n\t\t\t\n\t\t\t<div class=\"elementor-form-fields-wrapper elementor-labels-\">\n\t\t\t\t\t\t\t\t<div class=\"elementor-field-type-text elementor-field-group elementor-column elementor-field-group-name elementor-col-50 elementor-field-required\">\n\t\t\t\t\t\t\t\t\t\t\t\t<label for=\"form-field-name\" class=\"elementor-field-label elementor-screen-only\">\n\t\t\t\t\t\t\t\tName\t\t\t\t\t\t\t<\/label>\n\t\t\t\t\t\t\t\t\t\t\t\t\t\t<input size=\"1\" type=\"text\" name=\"form_fields[name]\" id=\"form-field-name\" class=\"elementor-field elementor-size-sm  elementor-field-textual\" placeholder=\"Name\" required=\"required\">\n\t\t\t\t\t\t\t\t\t\t\t<\/div>\n\t\t\t\t\t\t\t\t<div class=\"elementor-field-type-email elementor-field-group elementor-column elementor-field-group-email elementor-col-50 elementor-field-required\">\n\t\t\t\t\t\t\t\t\t\t\t\t<label for=\"form-field-email\" class=\"elementor-field-label elementor-screen-only\">\n\t\t\t\t\t\t\t\tE-mail\t\t\t\t\t\t\t<\/label>\n\t\t\t\t\t\t\t\t\t\t\t\t\t\t<input size=\"1\" type=\"email\" name=\"form_fields[email]\" id=\"form-field-email\" class=\"elementor-field elementor-size-sm  elementor-field-textual\" placeholder=\"E-mail\" required=\"required\">\n\t\t\t\t\t\t\t\t\t\t\t<\/div>\n\t\t\t\t\t\t\t\t<div class=\"elementor-field-type-tel elementor-field-group elementor-column elementor-field-group-field_4c68318 elementor-col-100\">\n\t\t\t\t\t\t\t\t\t\t\t\t<label for=\"form-field-field_4c68318\" class=\"elementor-field-label elementor-screen-only\">\n\t\t\t\t\t\t\t\tTelephone\t\t\t\t\t\t\t<\/label>\n\t\t\t\t\t\t\t\t<input size=\"1\" type=\"tel\" name=\"form_fields[field_4c68318]\" id=\"form-field-field_4c68318\" class=\"elementor-field elementor-size-sm  elementor-field-textual\" placeholder=\"Telephone\" pattern=\"[0-9()#&amp;+*-=.]+\" title=\"Only numbers and phone characters (#, -, *, etc) are accepted.\">\n\n\t\t\t\t\t\t<\/div>\n\t\t\t\t\t\t\t\t<div class=\"elementor-field-type-textarea elementor-field-group elementor-column elementor-field-group-message elementor-col-100\">\n\t\t\t\t\t\t\t\t\t\t\t\t<label for=\"form-field-message\" class=\"elementor-field-label elementor-screen-only\">\n\t\t\t\t\t\t\t\tMessage\t\t\t\t\t\t\t<\/label>\n\t\t\t\t\t\t<textarea class=\"elementor-field-textual elementor-field  elementor-size-sm\" name=\"form_fields[message]\" id=\"form-field-message\" rows=\"4\" placeholder=\"Message\"><\/textarea>\t\t\t\t<\/div>\n\t\t\t\t\t\t\t\t<div class=\"elementor-field-group elementor-column elementor-field-type-submit elementor-col-50 e-form__buttons\">\n\t\t\t\t\t<button class=\"elementor-button elementor-size-sm\" type=\"submit\">\n\t\t\t\t\t\t<span class=\"elementor-button-content-wrapper\">\n\t\t\t\t\t\t\t\t\t\t\t\t\t\t\t\t\t\t\t\t\t\t<span class=\"elementor-button-text\">Send<\/span>\n\t\t\t\t\t\t\t\t\t\t\t\t\t<\/span>\n\t\t\t\t\t<\/button>\n\t\t\t\t<\/div>\n\t\t\t<\/div>\n\t\t<input type=\"hidden\" name=\"trp-form-language\" value=\"en\"\/><\/form>\n\t\t\t\t\t\t<\/div>\n\t\t\t\t<\/div>\n\t\t\t\t<\/div>\n\t\t\t\t\t<\/div>\n\t\t\t\t<\/div>\n\t\t\t\t<\/div>","protected":false},"excerpt":{"rendered":"<p>Transporte Rodovi\u00e1rio Oferecemos solu\u00e7\u00f5es completas e personalizadas para suas necessidades de transporte e com\u00e9rcio exterior, com foco em efici\u00eancia e confian\u00e7a. Nossos Servi\u00e7os Desde 1974, oferecemos solu\u00e7\u00f5es log\u00edsticas confi\u00e1veis e inovadoras para empresas em todo o mundo. Transporte Rodovi\u00e1rio Transporte Mar\u00edtimo e A\u00e9reo Terminal de Armazenagem Assessoria em Com\u00e9rcio Exterior Cabotagem Transporte Rodovi\u00e1rio Nacional e [&hellip;]<\/p>","protected":false},"author":1,"featured_media":0,"parent":0,"menu_order":0,"comment_status":"closed","ping_status":"closed","template":"elementor_header_footer","meta":{"footnotes":""},"class_list":["post-142","page","type-page","status-publish","hentry"],"yoast_head":"<!-- This site is optimized with the Yoast SEO plugin v27.4 - https:\/\/yoast.com\/product\/yoast-seo-wordpress\/ -->\n<title>Transporte Rodovi\u00e1rio - Complex<\/title>\n<meta name=\"robots\" content=\"index, follow, max-snippet:-1, max-image-preview:large, max-video-preview:-1\" \/>\n<link rel=\"canonical\" href=\"https:\/\/complexbr.com\/en\/road-transport\/\" \/>\n<meta property=\"og:locale\" content=\"en_US\" \/>\n<meta property=\"og:type\" content=\"article\" \/>\n<meta property=\"og:title\" content=\"Transporte Rodovi\u00e1rio - Complex\" \/>\n<meta property=\"og:description\" content=\"Transporte Rodovi\u00e1rio Oferecemos solu\u00e7\u00f5es completas e personalizadas para suas necessidades de transporte e com\u00e9rcio exterior, com foco em efici\u00eancia e confian\u00e7a. Nossos Servi\u00e7os Desde 1974, oferecemos solu\u00e7\u00f5es log\u00edsticas confi\u00e1veis e inovadoras para empresas em todo o mundo. Transporte Rodovi\u00e1rio Transporte Mar\u00edtimo e A\u00e9reo Terminal de Armazenagem Assessoria em Com\u00e9rcio Exterior Cabotagem Transporte Rodovi\u00e1rio Nacional e [&hellip;]\" \/>\n<meta property=\"og:url\" content=\"https:\/\/complexbr.com\/en\/road-transport\/\" \/>\n<meta property=\"og:site_name\" content=\"Complex\" \/>\n<meta property=\"article:modified_time\" content=\"2025-08-05T14:40:24+00:00\" \/>\n<meta name=\"twitter:card\" content=\"summary_large_image\" \/>\n<meta name=\"twitter:label1\" content=\"Est. reading time\" \/>\n\t<meta name=\"twitter:data1\" content=\"3 minutes\" \/>\n<script type=\"application\/ld+json\" class=\"yoast-schema-graph\">{\"@context\":\"https:\\\/\\\/schema.org\",\"@graph\":[{\"@type\":\"WebPage\",\"@id\":\"https:\\\/\\\/complexbr.com\\\/transporte-rodoviario\\\/\",\"url\":\"https:\\\/\\\/complexbr.com\\\/transporte-rodoviario\\\/\",\"name\":\"Transporte Rodovi\u00e1rio - Complex\",\"isPartOf\":{\"@id\":\"https:\\\/\\\/complexbr.com\\\/#website\"},\"datePublished\":\"2024-06-27T22:41:17+00:00\",\"dateModified\":\"2025-08-05T14:40:24+00:00\",\"breadcrumb\":{\"@id\":\"https:\\\/\\\/complexbr.com\\\/transporte-rodoviario\\\/#breadcrumb\"},\"inLanguage\":\"en-US\",\"potentialAction\":[{\"@type\":\"ReadAction\",\"target\":[\"https:\\\/\\\/complexbr.com\\\/transporte-rodoviario\\\/\"]}]},{\"@type\":\"BreadcrumbList\",\"@id\":\"https:\\\/\\\/complexbr.com\\\/transporte-rodoviario\\\/#breadcrumb\",\"itemListElement\":[{\"@type\":\"ListItem\",\"position\":1,\"name\":\"In\u00edcio\",\"item\":\"https:\\\/\\\/complexbr.com\\\/\"},{\"@type\":\"ListItem\",\"position\":2,\"name\":\"Transporte Rodovi\u00e1rio\"}]},{\"@type\":\"WebSite\",\"@id\":\"https:\\\/\\\/complexbr.com\\\/#website\",\"url\":\"https:\\\/\\\/complexbr.com\\\/\",\"name\":\"Complex Multimodal\",\"description\":\"\",\"publisher\":{\"@id\":\"https:\\\/\\\/complexbr.com\\\/#organization\"},\"potentialAction\":[{\"@type\":\"SearchAction\",\"target\":{\"@type\":\"EntryPoint\",\"urlTemplate\":\"https:\\\/\\\/complexbr.com\\\/?s={search_term_string}\"},\"query-input\":{\"@type\":\"PropertyValueSpecification\",\"valueRequired\":true,\"valueName\":\"search_term_string\"}}],\"inLanguage\":\"en-US\"},{\"@type\":\"Organization\",\"@id\":\"https:\\\/\\\/complexbr.com\\\/#organization\",\"name\":\"Complex MultiModal\",\"url\":\"https:\\\/\\\/complexbr.com\\\/\",\"logo\":{\"@type\":\"ImageObject\",\"inLanguage\":\"en-US\",\"@id\":\"https:\\\/\\\/complexbr.com\\\/#\\\/schema\\\/logo\\\/image\\\/\",\"url\":\"https:\\\/\\\/complexbr.com\\\/wp-content\\\/uploads\\\/2024\\\/06\\\/logo-COMPLEX-horizontal_d400-e1719852540139.png\",\"contentUrl\":\"https:\\\/\\\/complexbr.com\\\/wp-content\\\/uploads\\\/2024\\\/06\\\/logo-COMPLEX-horizontal_d400-e1719852540139.png\",\"width\":343,\"height\":81,\"caption\":\"Complex MultiModal\"},\"image\":{\"@id\":\"https:\\\/\\\/complexbr.com\\\/#\\\/schema\\\/logo\\\/image\\\/\"}}]}<\/script>\n<!-- \/ Yoast SEO plugin. -->","yoast_head_json":{"title":"Road Transport - Complex","robots":{"index":"index","follow":"follow","max-snippet":"max-snippet:-1","max-image-preview":"max-image-preview:large","max-video-preview":"max-video-preview:-1"},"canonical":"https:\/\/complexbr.com\/en\/road-transport\/","og_locale":"en_US","og_type":"article","og_title":"Transporte Rodovi\u00e1rio - Complex","og_description":"Transporte Rodovi\u00e1rio Oferecemos solu\u00e7\u00f5es completas e personalizadas para suas necessidades de transporte e com\u00e9rcio exterior, com foco em efici\u00eancia e confian\u00e7a. Nossos Servi\u00e7os Desde 1974, oferecemos solu\u00e7\u00f5es log\u00edsticas confi\u00e1veis e inovadoras para empresas em todo o mundo. Transporte Rodovi\u00e1rio Transporte Mar\u00edtimo e A\u00e9reo Terminal de Armazenagem Assessoria em Com\u00e9rcio Exterior Cabotagem Transporte Rodovi\u00e1rio Nacional e [&hellip;]","og_url":"https:\/\/complexbr.com\/en\/road-transport\/","og_site_name":"Complex","article_modified_time":"2025-08-05T14:40:24+00:00","twitter_card":"summary_large_image","twitter_misc":{"Est. reading time":"3 minutes"},"schema":{"@context":"https:\/\/schema.org","@graph":[{"@type":"WebPage","@id":"https:\/\/complexbr.com\/transporte-rodoviario\/","url":"https:\/\/complexbr.com\/transporte-rodoviario\/","name":"Road Transport - Complex","isPartOf":{"@id":"https:\/\/complexbr.com\/#website"},"datePublished":"2024-06-27T22:41:17+00:00","dateModified":"2025-08-05T14:40:24+00:00","breadcrumb":{"@id":"https:\/\/complexbr.com\/transporte-rodoviario\/#breadcrumb"},"inLanguage":"en-US","potentialAction":[{"@type":"ReadAction","target":["https:\/\/complexbr.com\/transporte-rodoviario\/"]}]},{"@type":"BreadcrumbList","@id":"https:\/\/complexbr.com\/transporte-rodoviario\/#breadcrumb","itemListElement":[{"@type":"ListItem","position":1,"name":"In\u00edcio","item":"https:\/\/complexbr.com\/"},{"@type":"ListItem","position":2,"name":"Transporte Rodovi\u00e1rio"}]},{"@type":"WebSite","@id":"https:\/\/complexbr.com\/#website","url":"https:\/\/complexbr.com\/","name":"Complex Multimodal","description":"","publisher":{"@id":"https:\/\/complexbr.com\/#organization"},"potentialAction":[{"@type":"SearchAction","target":{"@type":"EntryPoint","urlTemplate":"https:\/\/complexbr.com\/?s={search_term_string}"},"query-input":{"@type":"PropertyValueSpecification","valueRequired":true,"valueName":"search_term_string"}}],"inLanguage":"en-US"},{"@type":"Organization","@id":"https:\/\/complexbr.com\/#organization","name":"Complex MultiModal","url":"https:\/\/complexbr.com\/","logo":{"@type":"ImageObject","inLanguage":"en-US","@id":"https:\/\/complexbr.com\/#\/schema\/logo\/image\/","url":"https:\/\/complexbr.com\/wp-content\/uploads\/2024\/06\/logo-COMPLEX-horizontal_d400-e1719852540139.png","contentUrl":"https:\/\/complexbr.com\/wp-content\/uploads\/2024\/06\/logo-COMPLEX-horizontal_d400-e1719852540139.png","width":343,"height":81,"caption":"Complex MultiModal"},"image":{"@id":"https:\/\/complexbr.com\/#\/schema\/logo\/image\/"}}]}},"_links":{"self":[{"href":"https:\/\/complexbr.com\/en\/wp-json\/wp\/v2\/pages\/142","targetHints":{"allow":["GET"]}}],"collection":[{"href":"https:\/\/complexbr.com\/en\/wp-json\/wp\/v2\/pages"}],"about":[{"href":"https:\/\/complexbr.com\/en\/wp-json\/wp\/v2\/types\/page"}],"author":[{"embeddable":true,"href":"https:\/\/complexbr.com\/en\/wp-json\/wp\/v2\/users\/1"}],"replies":[{"embeddable":true,"href":"https:\/\/complexbr.com\/en\/wp-json\/wp\/v2\/comments?post=142"}],"version-history":[{"count":58,"href":"https:\/\/complexbr.com\/en\/wp-json\/wp\/v2\/pages\/142\/revisions"}],"predecessor-version":[{"id":1093,"href":"https:\/\/complexbr.com\/en\/wp-json\/wp\/v2\/pages\/142\/revisions\/1093"}],"wp:attachment":[{"href":"https:\/\/complexbr.com\/en\/wp-json\/wp\/v2\/media?parent=142"}],"curies":[{"name":"wp","href":"https:\/\/api.w.org\/{rel}","templated":true}]}}