{"id":354,"date":"2024-06-30T03:47:18","date_gmt":"2024-06-30T06:47:18","guid":{"rendered":"https:\/\/healfixadores.com.br\/complex\/?page_id=354"},"modified":"2025-08-05T11:40:43","modified_gmt":"2025-08-05T14:40:43","slug":"sea-and-air-transport","status":"publish","type":"page","link":"https:\/\/complexbr.com\/en\/sea-and-air-transport\/","title":{"rendered":"Sea and air transport"},"content":{"rendered":"<div data-elementor-type=\"wp-page\" data-elementor-id=\"354\" class=\"elementor elementor-354\" data-elementor-settings=\"{&quot;ha_cmc_init_switcher&quot;:&quot;no&quot;}\" data-elementor-post-type=\"page\">\n\t\t\t\t<div class=\"elementor-element elementor-element-4816ec1 e-flex e-con-boxed e-con e-parent\" data-id=\"4816ec1\" data-element_type=\"container\" data-e-type=\"container\" data-settings=\"{&quot;background_background&quot;:&quot;classic&quot;,&quot;_ha_eqh_enable&quot;:false}\">\n\t\t\t\t\t<div class=\"e-con-inner\">\n\t\t<div class=\"elementor-element elementor-element-510ec205 e-con-full e-flex e-con e-child\" data-id=\"510ec205\" data-element_type=\"container\" data-e-type=\"container\" data-settings=\"{&quot;_ha_eqh_enable&quot;:false}\">\n\t\t\t\t<div class=\"elementor-element elementor-element-2776a59b elementor-widget elementor-widget-heading\" data-id=\"2776a59b\" data-element_type=\"widget\" data-e-type=\"widget\" data-widget_type=\"heading.default\">\n\t\t\t\t<div class=\"elementor-widget-container\">\n\t\t\t\t\t<h2 class=\"elementor-heading-title elementor-size-default\">Sea and air transport<\/h2>\t\t\t\t<\/div>\n\t\t\t\t<\/div>\n\t\t\t\t<div class=\"elementor-element elementor-element-5b9f7705 elementor-widget elementor-widget-text-editor\" data-id=\"5b9f7705\" data-element_type=\"widget\" data-e-type=\"widget\" data-widget_type=\"text-editor.default\">\n\t\t\t\t<div class=\"elementor-widget-container\">\n\t\t\t\t\t\t\t\t\tWe offer complete and customized solutions for your transport and foreign trade needs, with a focus on efficiency and reliability.\t\t\t\t\t\t\t\t<\/div>\n\t\t\t\t<\/div>\n\t\t\t\t<\/div>\n\t\t<div class=\"elementor-element elementor-element-7c17e742 e-con-full e-flex e-con e-child\" data-id=\"7c17e742\" data-element_type=\"container\" data-e-type=\"container\" data-settings=\"{&quot;_ha_eqh_enable&quot;:false}\">\n\t\t\t\t<\/div>\n\t\t\t\t\t<\/div>\n\t\t\t\t<\/div>\n\t\t<div class=\"elementor-element elementor-element-249194ad e-flex e-con-boxed e-con e-parent\" data-id=\"249194ad\" data-element_type=\"container\" data-e-type=\"container\" data-settings=\"{&quot;_ha_eqh_enable&quot;:false}\">\n\t\t\t\t\t<div class=\"e-con-inner\">\n\t\t<div class=\"elementor-element elementor-element-40dd9478 e-con-full jkit-sticky-element--enabled jkit-sticky-position--fixed elementor-hidden-mobile elementor-hidden-tablet e-flex jkit-sticky-element-on--down e-con e-child\" data-id=\"40dd9478\" data-element_type=\"container\" data-e-type=\"container\" data-settings=\"{&quot;_ha_eqh_enable&quot;:false,&quot;jkit_sticky_device&quot;:&quot;desktop&quot;,&quot;jkit_sticky_top_position&quot;:{&quot;unit&quot;:&quot;px&quot;,&quot;size&quot;:0,&quot;sizes&quot;:[]}}\">\n\t\t<div class=\"elementor-element elementor-element-3e53fd06 e-con-full elementor-hidden-tablet elementor-hidden-mobile e-flex elementor-invisible e-con e-child\" data-id=\"3e53fd06\" data-element_type=\"container\" data-e-type=\"container\" data-settings=\"{&quot;background_background&quot;:&quot;classic&quot;,&quot;animation&quot;:&quot;fadeInLeft&quot;,&quot;_ha_eqh_enable&quot;:false}\">\n\t\t\t\t<div class=\"elementor-element elementor-element-552330d5 elementor-widget elementor-widget-heading\" data-id=\"552330d5\" data-element_type=\"widget\" data-e-type=\"widget\" data-widget_type=\"heading.default\">\n\t\t\t\t<div class=\"elementor-widget-container\">\n\t\t\t\t\t<h2 class=\"elementor-heading-title elementor-size-default\">Our Services<\/h2>\t\t\t\t<\/div>\n\t\t\t\t<\/div>\n\t\t\t\t<div class=\"elementor-element elementor-element-43f3e5fe elementor-widget elementor-widget-text-editor\" data-id=\"43f3e5fe\" data-element_type=\"widget\" data-e-type=\"widget\" data-widget_type=\"text-editor.default\">\n\t\t\t\t<div class=\"elementor-widget-container\">\n\t\t\t\t\t\t\t\t\t<p>Since 1974, we have been offering reliable and innovative logistics solutions to companies all over the world.<\/p>\t\t\t\t\t\t\t\t<\/div>\n\t\t\t\t<\/div>\n\t\t\t\t<div class=\"elementor-element elementor-element-71b74bb0 elementor-widget elementor-widget-jkit_nav_menu\" data-id=\"71b74bb0\" data-element_type=\"widget\" data-e-type=\"widget\" data-widget_type=\"jkit_nav_menu.default\">\n\t\t\t\t<div class=\"elementor-widget-container\">\n\t\t\t\t\t<div  class=\"jeg-elementor-kit jkit-nav-menu break-point-tablet submenu-click-title jeg_module___69fdd75d45e24\"  data-item-indicator=\"&lt;i aria-hidden=&quot;true&quot; class=&quot;jki jki-angle-down-solid&quot;&gt;&lt;\/i&gt;\"><button aria-label=\"open-menu\" class=\"jkit-hamburger-menu\"><svg aria-hidden=\"true\" class=\"e-font-icon-svg e-fas-bars\" viewbox=\"0 0 448 512\" xmlns=\"http:\/\/www.w3.org\/2000\/svg\"><path d=\"M16 132h416c8.837 0 16-7.163 16-16V76c0-8.837-7.163-16-16-16H16C7.163 60 0 67.163 0 76v40c0 8.837 7.163 16 16 16zm0 160h416c8.837 0 16-7.163 16-16v-40c0-8.837-7.163-16-16-16H16c-8.837 0-16 7.163-16 16v40c0 8.837 7.163 16 16 16zm0 160h416c8.837 0 16-7.163 16-16v-40c0-8.837-7.163-16-16-16H16c-8.837 0-16 7.163-16 16v40c0 8.837 7.163 16 16 16z\"><\/path><\/svg><\/button>\n        <div class=\"jkit-menu-wrapper\"><div class=\"jkit-menu-container\"><ul id=\"menu-menu-lateral-servicos\" class=\"jkit-menu jkit-menu-direction-block jkit-submenu-position-left\"><li id=\"menu-item-371\" class=\"menu-item menu-item-type-post_type menu-item-object-page menu-item-371\"><a href=\"https:\/\/complexbr.com\/en\/road-transport\/\">Road transportation<\/a><\/li>\n<li id=\"menu-item-370\" class=\"menu-item menu-item-type-post_type menu-item-object-page menu-item-370\"><a href=\"https:\/\/complexbr.com\/en\/sea-and-air-transport\/\">Sea and air transport<\/a><\/li>\n<li id=\"menu-item-369\" class=\"menu-item menu-item-type-post_type menu-item-object-page menu-item-369\"><a href=\"https:\/\/complexbr.com\/en\/terminal-de-armazenagem\/\">Storage Terminal<\/a><\/li>\n<li id=\"menu-item-368\" class=\"menu-item menu-item-type-post_type menu-item-object-page menu-item-368\"><a href=\"https:\/\/complexbr.com\/en\/assessoria-em-comercio-exterior\/\">Foreign Trade Advice<\/a><\/li>\n<li id=\"menu-item-646\" class=\"menu-item menu-item-type-post_type menu-item-object-page menu-item-646\"><a href=\"https:\/\/complexbr.com\/en\/cabotagem\/\">Cabotage<\/a><\/li>\n<\/ul><\/div>\n            <div class=\"jkit-nav-identity-panel\">\n                <div class=\"jkit-nav-site-title\"><a href=\"https:\/\/complexbr.com\/en\" class=\"jkit-nav-logo\" aria-label=\"Home Link\"><\/a><\/div>\n                <button aria-label=\"close-menu\" class=\"jkit-close-menu\"><svg aria-hidden=\"true\" class=\"e-font-icon-svg e-fas-times\" viewbox=\"0 0 352 512\" xmlns=\"http:\/\/www.w3.org\/2000\/svg\"><path d=\"M242.72 256l100.07-100.07c12.28-12.28 12.28-32.19 0-44.48l-22.24-22.24c-12.28-12.28-32.19-12.28-44.48 0L176 189.28 75.93 89.21c-12.28-12.28-32.19-12.28-44.48 0L9.21 111.45c-12.28 12.28-12.28 32.19 0 44.48L109.28 256 9.21 356.07c-12.28 12.28-12.28 32.19 0 44.48l22.24 22.24c12.28 12.28 32.2 12.28 44.48 0L176 322.72l100.07 100.07c12.28 12.28 32.2 12.28 44.48 0l22.24-22.24c12.28-12.28 12.28-32.19 0-44.48L242.72 256z\"><\/path><\/svg><\/button>\n            <\/div>\n        <\/div>\n        <div class=\"jkit-overlay\"><\/div><\/div>\t\t\t\t<\/div>\n\t\t\t\t<\/div>\n\t\t\t\t<\/div>\n\t\t\t\t<\/div>\n\t\t<div class=\"elementor-element elementor-element-488c9d8c e-con-full e-flex e-con e-child\" data-id=\"488c9d8c\" data-element_type=\"container\" data-e-type=\"container\" data-settings=\"{&quot;_ha_eqh_enable&quot;:false}\">\n\t\t\t\t<div class=\"elementor-element elementor-element-6048afb8 elementor-widget elementor-widget-heading\" data-id=\"6048afb8\" data-element_type=\"widget\" data-e-type=\"widget\" data-widget_type=\"heading.default\">\n\t\t\t\t<div class=\"elementor-widget-container\">\n\t\t\t\t\t<h2 class=\"elementor-heading-title elementor-size-default\">Maritime and Air Transport: Navigating and Flying with Excellence<\/h2>\t\t\t\t<\/div>\n\t\t\t\t<\/div>\n\t\t\t\t<div class=\"elementor-element elementor-element-1ae19246 elementor-widget elementor-widget-text-editor\" data-id=\"1ae19246\" data-element_type=\"widget\" data-e-type=\"widget\" data-widget_type=\"text-editor.default\">\n\t\t\t\t<div class=\"elementor-widget-container\">\n\t\t\t\t\t\t\t\t\t<p>At Complex Multimodal, we offer complete maritime and air transportation solutions, ensuring that your goods reach their destination safely and on time. Our integrated and strategic approach allows us to optimize the entire logistics process, providing flexibility and efficiency for your business.<\/p><h4>Global Shipping Solutions<\/h4><p>Our shipping service covers international routes and offers a wide range of options to meet your specific needs. With solid partnerships with the main shipping lines, we guarantee the best coverage and competitive rates.<\/p><p><strong>Services offered:<\/strong><\/p><ul><li><strong>FCL (Full Container Load) and LCL (Less than Container Load) loads:<\/strong> Flexibility for large and small loads.<\/li><li><strong>Consolidation services:<\/strong> Optimization of space and costs for frequent shipments.<\/li><li><strong>Multimodal transportation:<\/strong> Seamless integration with other modes of transport for door-to-door delivery.<\/li><\/ul><div>\u00a0<\/div><h4>Air Transport: Speed and Reliability<\/h4><p>For urgent needs and high-value goods, our air transport service is the ideal solution. With a global network of partners and frequent flights, we offer speed and reliability for your logistics operations.<\/p><p><strong>Services offered:<\/strong><\/p><ul><li><strong>Express Air Freight:<\/strong> Fast deliveries for urgent cargo.<\/li><li><strong>Transportation of Dangerous Goods:<\/strong> Safe handling and compliance with international regulations.<\/li><li><strong>Customized solutions:<\/strong> Flexible options to meet specific load and time requirements.<\/li><\/ul><div>\u00a0<\/div><h4>Technology and Monitoring<\/h4><p>Our advanced tracking technology allows real-time visibility of your shipments, whether by sea or air. This ensures that you have total control over the status of your cargo throughout its journey.<\/p><h4>Commitment to Quality<\/h4><p>At Complex Multimodal, we are committed to offering high-quality maritime and air transportation services. Our team of experts is dedicated to providing personalized logistics advice, strategic planning and solutions tailored to your specific needs.<\/p><p>With Complex Multimodal's sea and air transportation, you have the peace of mind of knowing that your goods are in safe hands, sailing and flying with excellence to any destination around the world.<\/p>\t\t\t\t\t\t\t\t<\/div>\n\t\t\t\t<\/div>\n\t\t\t\t<div class=\"elementor-element elementor-element-e8404ba elementor-button-align-stretch elementor-widget elementor-widget-form\" data-id=\"e8404ba\" data-element_type=\"widget\" data-e-type=\"widget\" data-settings=\"{&quot;button_width&quot;:&quot;50&quot;,&quot;step_next_label&quot;:&quot;Next&quot;,&quot;step_previous_label&quot;:&quot;Previous&quot;,&quot;step_type&quot;:&quot;number_text&quot;,&quot;step_icon_shape&quot;:&quot;circle&quot;}\" data-widget_type=\"form.default\">\n\t\t\t\t<div class=\"elementor-widget-container\">\n\t\t\t\t\t\t\t<form class=\"elementor-form\" method=\"post\" name=\"Form Transporte Rodovi\u00e1rio\" action=\"\">\n\t\t\t<input type=\"hidden\" name=\"post_id\" value=\"354\"\/>\n\t\t\t<input type=\"hidden\" name=\"form_id\" value=\"e8404ba\"\/>\n\t\t\t<input type=\"hidden\" name=\"referer_title\" value=\"Complex\" \/>\n\n\t\t\t\n\t\t\t<div class=\"elementor-form-fields-wrapper elementor-labels-\">\n\t\t\t\t\t\t\t\t<div class=\"elementor-field-type-text elementor-field-group elementor-column elementor-field-group-name elementor-col-50 elementor-field-required\">\n\t\t\t\t\t\t\t\t\t\t\t\t<label for=\"form-field-name\" class=\"elementor-field-label elementor-screen-only\">\n\t\t\t\t\t\t\t\tName\t\t\t\t\t\t\t<\/label>\n\t\t\t\t\t\t\t\t\t\t\t\t\t\t<input size=\"1\" type=\"text\" name=\"form_fields[name]\" id=\"form-field-name\" class=\"elementor-field elementor-size-sm  elementor-field-textual\" placeholder=\"Name\" required=\"required\">\n\t\t\t\t\t\t\t\t\t\t\t<\/div>\n\t\t\t\t\t\t\t\t<div class=\"elementor-field-type-email elementor-field-group elementor-column elementor-field-group-email elementor-col-50 elementor-field-required\">\n\t\t\t\t\t\t\t\t\t\t\t\t<label for=\"form-field-email\" class=\"elementor-field-label elementor-screen-only\">\n\t\t\t\t\t\t\t\tE-mail\t\t\t\t\t\t\t<\/label>\n\t\t\t\t\t\t\t\t\t\t\t\t\t\t<input size=\"1\" type=\"email\" name=\"form_fields[email]\" id=\"form-field-email\" class=\"elementor-field elementor-size-sm  elementor-field-textual\" placeholder=\"E-mail\" required=\"required\">\n\t\t\t\t\t\t\t\t\t\t\t<\/div>\n\t\t\t\t\t\t\t\t<div class=\"elementor-field-type-tel elementor-field-group elementor-column elementor-field-group-field_4c68318 elementor-col-100\">\n\t\t\t\t\t\t\t\t\t\t\t\t<label for=\"form-field-field_4c68318\" class=\"elementor-field-label elementor-screen-only\">\n\t\t\t\t\t\t\t\tTelephone\t\t\t\t\t\t\t<\/label>\n\t\t\t\t\t\t\t\t<input size=\"1\" type=\"tel\" name=\"form_fields[field_4c68318]\" id=\"form-field-field_4c68318\" class=\"elementor-field elementor-size-sm  elementor-field-textual\" placeholder=\"Telephone\" pattern=\"[0-9()#&amp;+*-=.]+\" title=\"Only numbers and phone characters (#, -, *, etc) are accepted.\">\n\n\t\t\t\t\t\t<\/div>\n\t\t\t\t\t\t\t\t<div class=\"elementor-field-type-textarea elementor-field-group elementor-column elementor-field-group-message elementor-col-100\">\n\t\t\t\t\t\t\t\t\t\t\t\t<label for=\"form-field-message\" class=\"elementor-field-label elementor-screen-only\">\n\t\t\t\t\t\t\t\tMessage\t\t\t\t\t\t\t<\/label>\n\t\t\t\t\t\t<textarea class=\"elementor-field-textual elementor-field  elementor-size-sm\" name=\"form_fields[message]\" id=\"form-field-message\" rows=\"4\" placeholder=\"Message\"><\/textarea>\t\t\t\t<\/div>\n\t\t\t\t\t\t\t\t<div class=\"elementor-field-group elementor-column elementor-field-type-submit elementor-col-50 e-form__buttons\">\n\t\t\t\t\t<button class=\"elementor-button elementor-size-sm\" type=\"submit\">\n\t\t\t\t\t\t<span class=\"elementor-button-content-wrapper\">\n\t\t\t\t\t\t\t\t\t\t\t\t\t\t\t\t\t\t\t\t\t\t<span class=\"elementor-button-text\">Send<\/span>\n\t\t\t\t\t\t\t\t\t\t\t\t\t<\/span>\n\t\t\t\t\t<\/button>\n\t\t\t\t<\/div>\n\t\t\t<\/div>\n\t\t<input type=\"hidden\" name=\"trp-form-language\" value=\"en\"\/><\/form>\n\t\t\t\t\t\t<\/div>\n\t\t\t\t<\/div>\n\t\t\t\t<\/div>\n\t\t\t\t\t<\/div>\n\t\t\t\t<\/div>\n\t\t\t\t<\/div>","protected":false},"excerpt":{"rendered":"<p>Transporte Mar\u00edtimo e A\u00e9reo Oferecemos solu\u00e7\u00f5es completas e personalizadas para suas necessidades de transporte e com\u00e9rcio exterior, com foco em efici\u00eancia e confian\u00e7a. Nossos Servi\u00e7os Desde 1974, oferecemos solu\u00e7\u00f5es log\u00edsticas confi\u00e1veis e inovadoras para empresas em todo o mundo. Transporte Rodovi\u00e1rio Transporte Mar\u00edtimo e A\u00e9reo Terminal de Armazenagem Assessoria em Com\u00e9rcio Exterior Cabotagem Transporte Mar\u00edtimo [&hellip;]<\/p>","protected":false},"author":1,"featured_media":0,"parent":0,"menu_order":0,"comment_status":"closed","ping_status":"closed","template":"","meta":{"footnotes":""},"class_list":["post-354","page","type-page","status-publish","hentry"],"yoast_head":"<!-- This site is optimized with the Yoast SEO plugin v27.4 - https:\/\/yoast.com\/product\/yoast-seo-wordpress\/ -->\n<title>Transporte Mar\u00edtimo e A\u00e9reo - Complex<\/title>\n<meta name=\"robots\" content=\"index, follow, max-snippet:-1, max-image-preview:large, max-video-preview:-1\" \/>\n<link rel=\"canonical\" href=\"https:\/\/complexbr.com\/en\/sea-and-air-transport\/\" \/>\n<meta property=\"og:locale\" content=\"en_US\" \/>\n<meta property=\"og:type\" content=\"article\" \/>\n<meta property=\"og:title\" content=\"Transporte Mar\u00edtimo e A\u00e9reo - Complex\" \/>\n<meta property=\"og:description\" content=\"Transporte Mar\u00edtimo e A\u00e9reo Oferecemos solu\u00e7\u00f5es completas e personalizadas para suas necessidades de transporte e com\u00e9rcio exterior, com foco em efici\u00eancia e confian\u00e7a. Nossos Servi\u00e7os Desde 1974, oferecemos solu\u00e7\u00f5es log\u00edsticas confi\u00e1veis e inovadoras para empresas em todo o mundo. Transporte Rodovi\u00e1rio Transporte Mar\u00edtimo e A\u00e9reo Terminal de Armazenagem Assessoria em Com\u00e9rcio Exterior Cabotagem Transporte Mar\u00edtimo [&hellip;]\" \/>\n<meta property=\"og:url\" content=\"https:\/\/complexbr.com\/en\/sea-and-air-transport\/\" \/>\n<meta property=\"og:site_name\" content=\"Complex\" \/>\n<meta property=\"article:modified_time\" content=\"2025-08-05T14:40:43+00:00\" \/>\n<meta name=\"twitter:card\" content=\"summary_large_image\" \/>\n<meta name=\"twitter:label1\" content=\"Est. reading time\" \/>\n\t<meta name=\"twitter:data1\" content=\"3 minutes\" \/>\n<script type=\"application\/ld+json\" class=\"yoast-schema-graph\">{\"@context\":\"https:\\\/\\\/schema.org\",\"@graph\":[{\"@type\":\"WebPage\",\"@id\":\"https:\\\/\\\/complexbr.com\\\/transporte-maritimo-e-aereo\\\/\",\"url\":\"https:\\\/\\\/complexbr.com\\\/transporte-maritimo-e-aereo\\\/\",\"name\":\"Transporte Mar\u00edtimo e A\u00e9reo - Complex\",\"isPartOf\":{\"@id\":\"https:\\\/\\\/complexbr.com\\\/#website\"},\"datePublished\":\"2024-06-30T06:47:18+00:00\",\"dateModified\":\"2025-08-05T14:40:43+00:00\",\"breadcrumb\":{\"@id\":\"https:\\\/\\\/complexbr.com\\\/transporte-maritimo-e-aereo\\\/#breadcrumb\"},\"inLanguage\":\"en-US\",\"potentialAction\":[{\"@type\":\"ReadAction\",\"target\":[\"https:\\\/\\\/complexbr.com\\\/transporte-maritimo-e-aereo\\\/\"]}]},{\"@type\":\"BreadcrumbList\",\"@id\":\"https:\\\/\\\/complexbr.com\\\/transporte-maritimo-e-aereo\\\/#breadcrumb\",\"itemListElement\":[{\"@type\":\"ListItem\",\"position\":1,\"name\":\"In\u00edcio\",\"item\":\"https:\\\/\\\/complexbr.com\\\/\"},{\"@type\":\"ListItem\",\"position\":2,\"name\":\"Transporte Mar\u00edtimo e A\u00e9reo\"}]},{\"@type\":\"WebSite\",\"@id\":\"https:\\\/\\\/complexbr.com\\\/#website\",\"url\":\"https:\\\/\\\/complexbr.com\\\/\",\"name\":\"Complex Multimodal\",\"description\":\"\",\"publisher\":{\"@id\":\"https:\\\/\\\/complexbr.com\\\/#organization\"},\"potentialAction\":[{\"@type\":\"SearchAction\",\"target\":{\"@type\":\"EntryPoint\",\"urlTemplate\":\"https:\\\/\\\/complexbr.com\\\/?s={search_term_string}\"},\"query-input\":{\"@type\":\"PropertyValueSpecification\",\"valueRequired\":true,\"valueName\":\"search_term_string\"}}],\"inLanguage\":\"en-US\"},{\"@type\":\"Organization\",\"@id\":\"https:\\\/\\\/complexbr.com\\\/#organization\",\"name\":\"Complex MultiModal\",\"url\":\"https:\\\/\\\/complexbr.com\\\/\",\"logo\":{\"@type\":\"ImageObject\",\"inLanguage\":\"en-US\",\"@id\":\"https:\\\/\\\/complexbr.com\\\/#\\\/schema\\\/logo\\\/image\\\/\",\"url\":\"https:\\\/\\\/complexbr.com\\\/wp-content\\\/uploads\\\/2024\\\/06\\\/logo-COMPLEX-horizontal_d400-e1719852540139.png\",\"contentUrl\":\"https:\\\/\\\/complexbr.com\\\/wp-content\\\/uploads\\\/2024\\\/06\\\/logo-COMPLEX-horizontal_d400-e1719852540139.png\",\"width\":343,\"height\":81,\"caption\":\"Complex MultiModal\"},\"image\":{\"@id\":\"https:\\\/\\\/complexbr.com\\\/#\\\/schema\\\/logo\\\/image\\\/\"}}]}<\/script>\n<!-- \/ Yoast SEO plugin. -->","yoast_head_json":{"title":"Sea and Air Transport - Complex","robots":{"index":"index","follow":"follow","max-snippet":"max-snippet:-1","max-image-preview":"max-image-preview:large","max-video-preview":"max-video-preview:-1"},"canonical":"https:\/\/complexbr.com\/en\/sea-and-air-transport\/","og_locale":"en_US","og_type":"article","og_title":"Transporte Mar\u00edtimo e A\u00e9reo - Complex","og_description":"Transporte Mar\u00edtimo e A\u00e9reo Oferecemos solu\u00e7\u00f5es completas e personalizadas para suas necessidades de transporte e com\u00e9rcio exterior, com foco em efici\u00eancia e confian\u00e7a. Nossos Servi\u00e7os Desde 1974, oferecemos solu\u00e7\u00f5es log\u00edsticas confi\u00e1veis e inovadoras para empresas em todo o mundo. Transporte Rodovi\u00e1rio Transporte Mar\u00edtimo e A\u00e9reo Terminal de Armazenagem Assessoria em Com\u00e9rcio Exterior Cabotagem Transporte Mar\u00edtimo [&hellip;]","og_url":"https:\/\/complexbr.com\/en\/sea-and-air-transport\/","og_site_name":"Complex","article_modified_time":"2025-08-05T14:40:43+00:00","twitter_card":"summary_large_image","twitter_misc":{"Est. reading time":"3 minutes"},"schema":{"@context":"https:\/\/schema.org","@graph":[{"@type":"WebPage","@id":"https:\/\/complexbr.com\/transporte-maritimo-e-aereo\/","url":"https:\/\/complexbr.com\/transporte-maritimo-e-aereo\/","name":"Sea and Air Transport - Complex","isPartOf":{"@id":"https:\/\/complexbr.com\/#website"},"datePublished":"2024-06-30T06:47:18+00:00","dateModified":"2025-08-05T14:40:43+00:00","breadcrumb":{"@id":"https:\/\/complexbr.com\/transporte-maritimo-e-aereo\/#breadcrumb"},"inLanguage":"en-US","potentialAction":[{"@type":"ReadAction","target":["https:\/\/complexbr.com\/transporte-maritimo-e-aereo\/"]}]},{"@type":"BreadcrumbList","@id":"https:\/\/complexbr.com\/transporte-maritimo-e-aereo\/#breadcrumb","itemListElement":[{"@type":"ListItem","position":1,"name":"In\u00edcio","item":"https:\/\/complexbr.com\/"},{"@type":"ListItem","position":2,"name":"Transporte Mar\u00edtimo e A\u00e9reo"}]},{"@type":"WebSite","@id":"https:\/\/complexbr.com\/#website","url":"https:\/\/complexbr.com\/","name":"Complex Multimodal","description":"","publisher":{"@id":"https:\/\/complexbr.com\/#organization"},"potentialAction":[{"@type":"SearchAction","target":{"@type":"EntryPoint","urlTemplate":"https:\/\/complexbr.com\/?s={search_term_string}"},"query-input":{"@type":"PropertyValueSpecification","valueRequired":true,"valueName":"search_term_string"}}],"inLanguage":"en-US"},{"@type":"Organization","@id":"https:\/\/complexbr.com\/#organization","name":"Complex MultiModal","url":"https:\/\/complexbr.com\/","logo":{"@type":"ImageObject","inLanguage":"en-US","@id":"https:\/\/complexbr.com\/#\/schema\/logo\/image\/","url":"https:\/\/complexbr.com\/wp-content\/uploads\/2024\/06\/logo-COMPLEX-horizontal_d400-e1719852540139.png","contentUrl":"https:\/\/complexbr.com\/wp-content\/uploads\/2024\/06\/logo-COMPLEX-horizontal_d400-e1719852540139.png","width":343,"height":81,"caption":"Complex MultiModal"},"image":{"@id":"https:\/\/complexbr.com\/#\/schema\/logo\/image\/"}}]}},"_links":{"self":[{"href":"https:\/\/complexbr.com\/en\/wp-json\/wp\/v2\/pages\/354","targetHints":{"allow":["GET"]}}],"collection":[{"href":"https:\/\/complexbr.com\/en\/wp-json\/wp\/v2\/pages"}],"about":[{"href":"https:\/\/complexbr.com\/en\/wp-json\/wp\/v2\/types\/page"}],"author":[{"embeddable":true,"href":"https:\/\/complexbr.com\/en\/wp-json\/wp\/v2\/users\/1"}],"replies":[{"embeddable":true,"href":"https:\/\/complexbr.com\/en\/wp-json\/wp\/v2\/comments?post=354"}],"version-history":[{"count":22,"href":"https:\/\/complexbr.com\/en\/wp-json\/wp\/v2\/pages\/354\/revisions"}],"predecessor-version":[{"id":1096,"href":"https:\/\/complexbr.com\/en\/wp-json\/wp\/v2\/pages\/354\/revisions\/1096"}],"wp:attachment":[{"href":"https:\/\/complexbr.com\/en\/wp-json\/wp\/v2\/media?parent=354"}],"curies":[{"name":"wp","href":"https:\/\/api.w.org\/{rel}","templated":true}]}}