{"id":400,"date":"2024-07-01T10:51:16","date_gmt":"2024-07-01T13:51:16","guid":{"rendered":"https:\/\/healfixadores.com.br\/complex\/?page_id=400"},"modified":"2024-07-19T10:06:44","modified_gmt":"2024-07-19T13:06:44","slug":"blog","status":"publish","type":"page","link":"https:\/\/complexbr.com\/en\/blog\/","title":{"rendered":"Blog"},"content":{"rendered":"<div data-elementor-type=\"wp-page\" data-elementor-id=\"400\" class=\"elementor elementor-400\" data-elementor-settings=\"{&quot;ha_cmc_init_switcher&quot;:&quot;no&quot;}\" data-elementor-post-type=\"page\">\n\t\t\t\t<div class=\"elementor-element elementor-element-488d655 e-flex e-con-boxed e-con e-parent\" data-id=\"488d655\" data-element_type=\"container\" data-e-type=\"container\" data-settings=\"{&quot;background_background&quot;:&quot;classic&quot;,&quot;_ha_eqh_enable&quot;:false}\">\n\t\t\t\t\t<div class=\"e-con-inner\">\n\t\t<div class=\"elementor-element elementor-element-5096294b e-con-full e-flex e-con e-child\" data-id=\"5096294b\" data-element_type=\"container\" data-e-type=\"container\" data-settings=\"{&quot;_ha_eqh_enable&quot;:false}\">\n\t\t\t\t<div class=\"elementor-element elementor-element-40b68727 elementor-widget elementor-widget-heading\" data-id=\"40b68727\" data-element_type=\"widget\" data-e-type=\"widget\" data-widget_type=\"heading.default\">\n\t\t\t\t<div class=\"elementor-widget-container\">\n\t\t\t\t\t<h2 class=\"elementor-heading-title elementor-size-default\">Blog and News<\/h2>\t\t\t\t<\/div>\n\t\t\t\t<\/div>\n\t\t\t\t<div class=\"elementor-element elementor-element-596c488c elementor-widget elementor-widget-text-editor\" data-id=\"596c488c\" data-element_type=\"widget\" data-e-type=\"widget\" data-widget_type=\"text-editor.default\">\n\t\t\t\t<div class=\"elementor-widget-container\">\n\t\t\t\t\t\t\t\t\t<p>Stay on top of the latest news and trends in the logistics sector. Check out our articles and resources for valuable insights.<\/p>\t\t\t\t\t\t\t\t<\/div>\n\t\t\t\t<\/div>\n\t\t\t\t<\/div>\n\t\t\t\t\t<\/div>\n\t\t\t\t<\/div>\n\t\t<div class=\"elementor-element elementor-element-2cc4c2e1 e-flex e-con-boxed e-con e-parent\" data-id=\"2cc4c2e1\" data-element_type=\"container\" data-e-type=\"container\" data-settings=\"{&quot;background_background&quot;:&quot;classic&quot;,&quot;_ha_eqh_enable&quot;:false}\">\n\t\t\t\t\t<div class=\"e-con-inner\">\n\t\t<div class=\"elementor-element elementor-element-151d3f9 e-con-full e-flex e-con e-child\" data-id=\"151d3f9\" data-element_type=\"container\" data-e-type=\"container\" data-settings=\"{&quot;_ha_eqh_enable&quot;:false}\">\n\t\t\t\t<div class=\"elementor-element elementor-element-69c50288 elementor-widget elementor-widget-heading\" data-id=\"69c50288\" data-element_type=\"widget\" data-e-type=\"widget\" data-widget_type=\"heading.default\">\n\t\t\t\t<div class=\"elementor-widget-container\">\n\t\t\t\t\t<h2 class=\"elementor-heading-title elementor-size-default\">Latest News<\/h2>\t\t\t\t<\/div>\n\t\t\t\t<\/div>\n\t\t\t\t<div class=\"elementor-element elementor-element-5ff3c03b elementor-widget elementor-widget-heading\" data-id=\"5ff3c03b\" data-element_type=\"widget\" data-e-type=\"widget\" data-widget_type=\"heading.default\">\n\t\t\t\t<div class=\"elementor-widget-container\">\n\t\t\t\t\t<h2 class=\"elementor-heading-title elementor-size-default\">Our Articles and Resources<\/h2>\t\t\t\t<\/div>\n\t\t\t\t<\/div>\n\t\t\t\t<div class=\"elementor-element elementor-element-60c3b0fb elementor-widget elementor-widget-text-editor\" data-id=\"60c3b0fb\" data-element_type=\"widget\" data-e-type=\"widget\" data-widget_type=\"text-editor.default\">\n\t\t\t\t<div class=\"elementor-widget-container\">\n\t\t\t\t\t\t\t\t\tExclusive content on multimodal logistics, foreign trade practices, innovations in transportation and much more.\t\t\t\t\t\t\t\t<\/div>\n\t\t\t\t<\/div>\n\t\t\t\t<\/div>\n\t\t<div class=\"elementor-element elementor-element-4bf40d3c e-con-full e-flex e-con e-child\" data-id=\"4bf40d3c\" data-element_type=\"container\" data-e-type=\"container\" data-settings=\"{&quot;_ha_eqh_enable&quot;:false}\">\n\t\t\t\t<div class=\"elementor-element elementor-element-40dd7c55 elementor-widget elementor-widget-jkit_post_block\" data-id=\"40dd7c55\" data-element_type=\"widget\" data-e-type=\"widget\" data-widget_type=\"jkit_post_block.default\">\n\t\t\t\t<div class=\"elementor-widget-container\">\n\t\t\t\t\t<div  class=\"jeg-elementor-kit jkit-postblock postblock-type-3 jkit-pagination-disable post-element jeg_module___69fdd75dd8d72\"  data-id=\"jeg_module___69fdd75dd8d72\" data-settings=\"{&quot;post_type&quot;:&quot;post&quot;,&quot;number_post&quot;:{&quot;unit&quot;:&quot;px&quot;,&quot;size&quot;:6,&quot;sizes&quot;:[]},&quot;post_offset&quot;:0,&quot;unique_content&quot;:&quot;disable&quot;,&quot;include_post&quot;:&quot;&quot;,&quot;exclude_post&quot;:&quot;&quot;,&quot;include_category&quot;:&quot;&quot;,&quot;exclude_category&quot;:&quot;&quot;,&quot;include_author&quot;:&quot;&quot;,&quot;include_tag&quot;:&quot;&quot;,&quot;exclude_tag&quot;:&quot;&quot;,&quot;sort_by&quot;:&quot;alphabet_asc&quot;,&quot;pagination_mode&quot;:&quot;disable&quot;,&quot;pagination_loadmore_text&quot;:&quot;Load More&quot;,&quot;pagination_loading_text&quot;:&quot;Loading...&quot;,&quot;pagination_number_post&quot;:{&quot;unit&quot;:&quot;px&quot;,&quot;size&quot;:3,&quot;sizes&quot;:[]},&quot;pagination_scroll_limit&quot;:0,&quot;pagination_icon&quot;:{&quot;value&quot;:&quot;&quot;,&quot;library&quot;:&quot;&quot;},&quot;pagination_icon_position&quot;:&quot;before&quot;,&quot;st_category_position&quot;:&quot;center&quot;,&quot;sg_content_postblock_type&quot;:&quot;type-3&quot;,&quot;sg_content_element_order&quot;:&quot;title,excerpt,read&quot;,&quot;sg_content_breakpoint&quot;:&quot;tablet&quot;,&quot;sg_content_title_html_tag&quot;:&quot;h3&quot;,&quot;sg_content_category_enable&quot;:&quot;&quot;,&quot;sg_content_excerpt_enable&quot;:&quot;yes&quot;,&quot;sg_content_excerpt_length&quot;:{&quot;unit&quot;:&quot;px&quot;,&quot;size&quot;:20,&quot;sizes&quot;:[]},&quot;sg_content_excerpt_more&quot;:&quot;...&quot;,&quot;sg_content_readmore_enable&quot;:&quot;yes&quot;,&quot;sg_content_readmore_icon&quot;:{&quot;value&quot;:&quot;&quot;,&quot;library&quot;:&quot;&quot;},&quot;sg_content_readmore_icon_position&quot;:&quot;after&quot;,&quot;sg_content_readmore_text&quot;:&quot;Ler mais&quot;,&quot;sg_content_comment_enable&quot;:&quot;&quot;,&quot;sg_content_comment_icon&quot;:{&quot;value&quot;:&quot;jki jki-comment-alt-solid&quot;,&quot;library&quot;:&quot;jkiticon&quot;},&quot;sg_content_comment_icon_position&quot;:&quot;before&quot;,&quot;sg_content_meta_enable&quot;:&quot;yes&quot;,&quot;sg_content_meta_author_enable&quot;:&quot;yes&quot;,&quot;sg_content_meta_author_by_text&quot;:&quot;by&quot;,&quot;sg_content_meta_author_icon&quot;:{&quot;value&quot;:&quot;&quot;,&quot;library&quot;:&quot;&quot;},&quot;sg_content_meta_author_icon_position&quot;:&quot;before&quot;,&quot;sg_content_meta_date_enable&quot;:&quot;&quot;,&quot;sg_content_meta_date_type&quot;:&quot;published&quot;,&quot;sg_content_meta_date_format&quot;:&quot;default&quot;,&quot;sg_content_meta_date_format_custom&quot;:&quot;F j, Y&quot;,&quot;sg_content_meta_date_icon&quot;:{&quot;value&quot;:&quot;&quot;,&quot;library&quot;:&quot;&quot;},&quot;sg_content_meta_date_icon_position&quot;:&quot;before&quot;,&quot;sg_content_image_size_imagesize_size&quot;:&quot;full&quot;,&quot;paged&quot;:1,&quot;class&quot;:&quot;jkit_post_block&quot;}\"><div class=\"jkit-block-container\"><div class=\"jkit-posts jkit-ajax-flag\">\n            <article class=\"jkit-post post-465 post type-post status-publish format-standard has-post-thumbnail hentry category-h1-blog\">\n                    <div class=\"jkit-thumb\"><a aria-label=\"Foreign Trade Advice for Companies\" href=\"https:\/\/complexbr.com\/en\/2024\/07\/01\/assessoria-em-comercio-exterior-para-empresas\/\"><div class=\"thumbnail-container\">\n            <img loading=\"lazy\" decoding=\"async\" width=\"575\" height=\"235\" src=\"https:\/\/complexbr.com\/wp-content\/uploads\/2024\/06\/Rectangle-4843.jpg\" class=\"attachment-full size-full wp-post-image\" alt=\"\" srcset=\"https:\/\/complexbr.com\/wp-content\/uploads\/2024\/06\/Rectangle-4843.jpg 575w, https:\/\/complexbr.com\/wp-content\/uploads\/2024\/06\/Rectangle-4843-300x123.jpg 300w\" sizes=\"auto, (max-width: 575px) 100vw, 575px\" \/>\n        <\/div><\/a><\/div>\n                    <div class=\"jkit-postblock-content\"><h3 class=\"jkit-post-title\">\n\t\t\t\t\t\t\t<a href=\"https:\/\/complexbr.com\/en\/2024\/07\/01\/assessoria-em-comercio-exterior-para-empresas\/\">Foreign Trade Advice for Companies<\/a>\n\t\t\t\t\t\t<\/h3><div class=\"jkit-post-excerpt\"><p>Navigating the complex world of foreign trade can be challenging for many companies. Regulations, documentation and processes can be...<\/p><\/div><div class=\"jkit-post-meta-bottom\">\n\t\t\t\t\t\t\t<div class=\"jkit-meta-readmore icon-position-after\">\n                <a title=\"Foreign Trade Advice for Companies\" href=\"https:\/\/complexbr.com\/en\/2024\/07\/01\/assessoria-em-comercio-exterior-para-empresas\/\" class=\"jkit-readmore\">Read more<\/a>\n            <\/div>\n\t\t\t\t\t\t<\/div><\/div>\n                <\/article><article class=\"jkit-post post-463 post type-post status-publish format-standard has-post-thumbnail hentry category-h1-blog\">\n                    <div class=\"jkit-thumb\"><a aria-label=\"Multimodal Complex Guarantees the Safety of Cargo in Transit\" href=\"https:\/\/complexbr.com\/en\/2024\/07\/01\/complex-multimodal-garante-a-seguranca-das-cargas-em-transito\/\"><div class=\"thumbnail-container\">\n            <img loading=\"lazy\" decoding=\"async\" width=\"1600\" height=\"815\" src=\"https:\/\/complexbr.com\/wp-content\/uploads\/2024\/06\/capa.jpg\" class=\"attachment-full size-full wp-post-image\" alt=\"\" srcset=\"https:\/\/complexbr.com\/wp-content\/uploads\/2024\/06\/capa.jpg 1600w, https:\/\/complexbr.com\/wp-content\/uploads\/2024\/06\/capa-300x153.jpg 300w, https:\/\/complexbr.com\/wp-content\/uploads\/2024\/06\/capa-1024x522.jpg 1024w, https:\/\/complexbr.com\/wp-content\/uploads\/2024\/06\/capa-768x391.jpg 768w, https:\/\/complexbr.com\/wp-content\/uploads\/2024\/06\/capa-1536x782.jpg 1536w\" sizes=\"auto, (max-width: 1600px) 100vw, 1600px\" \/>\n        <\/div><\/a><\/div>\n                    <div class=\"jkit-postblock-content\"><h3 class=\"jkit-post-title\">\n\t\t\t\t\t\t\t<a href=\"https:\/\/complexbr.com\/en\/2024\/07\/01\/complex-multimodal-garante-a-seguranca-das-cargas-em-transito\/\">Multimodal Complex Guarantees the Safety of Cargo in Transit<\/a>\n\t\t\t\t\t\t<\/h3><div class=\"jkit-post-excerpt\"><p>The safety of cargo in transit is an absolute priority in multimodal logistics. At Complex Multimodal, we take a comprehensive approach...<\/p><\/div><div class=\"jkit-post-meta-bottom\">\n\t\t\t\t\t\t\t<div class=\"jkit-meta-readmore icon-position-after\">\n                <a title=\"Multimodal Complex Guarantees the Safety of Cargo in Transit\" href=\"https:\/\/complexbr.com\/en\/2024\/07\/01\/complex-multimodal-garante-a-seguranca-das-cargas-em-transito\/\" class=\"jkit-readmore\">Read more<\/a>\n            <\/div>\n\t\t\t\t\t\t<\/div><\/div>\n                <\/article><article class=\"jkit-post post-1 post type-post status-publish format-standard has-post-thumbnail hentry category-sem-categoria\">\n                    <div class=\"jkit-thumb\"><a aria-label=\"The Future of Multimodal Logistics\" href=\"https:\/\/complexbr.com\/en\/2024\/06\/27\/o-futuro-da-logistica-multimodal\/\"><div class=\"thumbnail-container\">\n            <img loading=\"lazy\" decoding=\"async\" width=\"1920\" height=\"1080\" src=\"https:\/\/complexbr.com\/wp-content\/uploads\/2024\/06\/1.jpg\" class=\"attachment-full size-full wp-post-image\" alt=\"\" srcset=\"https:\/\/complexbr.com\/wp-content\/uploads\/2024\/06\/1.jpg 1920w, https:\/\/complexbr.com\/wp-content\/uploads\/2024\/06\/1-300x169.jpg 300w, https:\/\/complexbr.com\/wp-content\/uploads\/2024\/06\/1-1024x576.jpg 1024w, https:\/\/complexbr.com\/wp-content\/uploads\/2024\/06\/1-768x432.jpg 768w, https:\/\/complexbr.com\/wp-content\/uploads\/2024\/06\/1-1536x864.jpg 1536w\" sizes=\"auto, (max-width: 1920px) 100vw, 1920px\" \/>\n        <\/div><\/a><\/div>\n                    <div class=\"jkit-postblock-content\"><h3 class=\"jkit-post-title\">\n\t\t\t\t\t\t\t<a href=\"https:\/\/complexbr.com\/en\/2024\/06\/27\/o-futuro-da-logistica-multimodal\/\">The Future of Multimodal Logistics<\/a>\n\t\t\t\t\t\t<\/h3><div class=\"jkit-post-excerpt\"><p>Multimodal logistics is constantly evolving, driven by technological advances and the growing need for efficiency and sustainability. In...<\/p><\/div><div class=\"jkit-post-meta-bottom\">\n\t\t\t\t\t\t\t<div class=\"jkit-meta-readmore icon-position-after\">\n                <a title=\"The Future of Multimodal Logistics\" href=\"https:\/\/complexbr.com\/en\/2024\/06\/27\/o-futuro-da-logistica-multimodal\/\" class=\"jkit-readmore\">Read more<\/a>\n            <\/div>\n\t\t\t\t\t\t<\/div><\/div>\n                <\/article>\n        <\/div><\/div><\/div>\t\t\t\t<\/div>\n\t\t\t\t<\/div>\n\t\t\t\t<\/div>\n\t\t\t\t\t<\/div>\n\t\t\t\t<\/div>\n\t\t\t\t<\/div>","protected":false},"excerpt":{"rendered":"<p>Blog e Not\u00edcias Fique por dentro das \u00faltimas novidades e tend\u00eancias no setor de log\u00edstica. Confira nossos artigos e recursos para obter insights valiosos. \u00daltimas Not\u00edcias Nossos Artigos e Recursos Conte\u00fados exclusivos sobre log\u00edstica multimodal, pr\u00e1ticas de com\u00e9rcio exterior, inova\u00e7\u00f5es no transporte e muito mais. edit post Assessoria em Com\u00e9rcio Exterior para Empresas Navegar pelo [&hellip;]<\/p>","protected":false},"author":1,"featured_media":0,"parent":0,"menu_order":0,"comment_status":"closed","ping_status":"closed","template":"elementor_header_footer","meta":{"footnotes":""},"class_list":["post-400","page","type-page","status-publish","hentry"],"yoast_head":"<!-- This site is optimized with the Yoast SEO plugin v27.4 - https:\/\/yoast.com\/product\/yoast-seo-wordpress\/ -->\n<title>Blog - Complex<\/title>\n<meta name=\"robots\" content=\"index, follow, max-snippet:-1, max-image-preview:large, max-video-preview:-1\" \/>\n<link rel=\"canonical\" href=\"https:\/\/complexbr.com\/en\/blog\/\" \/>\n<meta property=\"og:locale\" content=\"en_US\" \/>\n<meta property=\"og:type\" content=\"article\" \/>\n<meta property=\"og:title\" content=\"Blog - Complex\" \/>\n<meta property=\"og:description\" content=\"Blog e Not\u00edcias Fique por dentro das \u00faltimas novidades e tend\u00eancias no setor de log\u00edstica. Confira nossos artigos e recursos para obter insights valiosos. \u00daltimas Not\u00edcias Nossos Artigos e Recursos Conte\u00fados exclusivos sobre log\u00edstica multimodal, pr\u00e1ticas de com\u00e9rcio exterior, inova\u00e7\u00f5es no transporte e muito mais. edit post Assessoria em Com\u00e9rcio Exterior para Empresas Navegar pelo [&hellip;]\" \/>\n<meta property=\"og:url\" content=\"https:\/\/complexbr.com\/en\/blog\/\" \/>\n<meta property=\"og:site_name\" content=\"Complex\" \/>\n<meta property=\"article:modified_time\" content=\"2024-07-19T13:06:44+00:00\" \/>\n<meta property=\"og:image\" content=\"https:\/\/healfixadores.com.br\/complex\/wp-content\/uploads\/2024\/06\/Rectangle-4843.jpg\" \/>\n<meta name=\"twitter:card\" content=\"summary_large_image\" \/>\n<meta name=\"twitter:label1\" content=\"Est. reading time\" \/>\n\t<meta name=\"twitter:data1\" content=\"2 minutes\" \/>\n<script type=\"application\/ld+json\" class=\"yoast-schema-graph\">{\"@context\":\"https:\\\/\\\/schema.org\",\"@graph\":[{\"@type\":\"WebPage\",\"@id\":\"https:\\\/\\\/complexbr.com\\\/blog\\\/\",\"url\":\"https:\\\/\\\/complexbr.com\\\/blog\\\/\",\"name\":\"Blog - Complex\",\"isPartOf\":{\"@id\":\"https:\\\/\\\/complexbr.com\\\/#website\"},\"primaryImageOfPage\":{\"@id\":\"https:\\\/\\\/complexbr.com\\\/blog\\\/#primaryimage\"},\"image\":{\"@id\":\"https:\\\/\\\/complexbr.com\\\/blog\\\/#primaryimage\"},\"thumbnailUrl\":\"https:\\\/\\\/healfixadores.com.br\\\/complex\\\/wp-content\\\/uploads\\\/2024\\\/06\\\/Rectangle-4843.jpg\",\"datePublished\":\"2024-07-01T13:51:16+00:00\",\"dateModified\":\"2024-07-19T13:06:44+00:00\",\"breadcrumb\":{\"@id\":\"https:\\\/\\\/complexbr.com\\\/blog\\\/#breadcrumb\"},\"inLanguage\":\"en-US\",\"potentialAction\":[{\"@type\":\"ReadAction\",\"target\":[\"https:\\\/\\\/complexbr.com\\\/blog\\\/\"]}]},{\"@type\":\"ImageObject\",\"inLanguage\":\"en-US\",\"@id\":\"https:\\\/\\\/complexbr.com\\\/blog\\\/#primaryimage\",\"url\":\"https:\\\/\\\/healfixadores.com.br\\\/complex\\\/wp-content\\\/uploads\\\/2024\\\/06\\\/Rectangle-4843.jpg\",\"contentUrl\":\"https:\\\/\\\/healfixadores.com.br\\\/complex\\\/wp-content\\\/uploads\\\/2024\\\/06\\\/Rectangle-4843.jpg\"},{\"@type\":\"BreadcrumbList\",\"@id\":\"https:\\\/\\\/complexbr.com\\\/blog\\\/#breadcrumb\",\"itemListElement\":[{\"@type\":\"ListItem\",\"position\":1,\"name\":\"In\u00edcio\",\"item\":\"https:\\\/\\\/complexbr.com\\\/\"},{\"@type\":\"ListItem\",\"position\":2,\"name\":\"Blog\"}]},{\"@type\":\"WebSite\",\"@id\":\"https:\\\/\\\/complexbr.com\\\/#website\",\"url\":\"https:\\\/\\\/complexbr.com\\\/\",\"name\":\"Complex Multimodal\",\"description\":\"\",\"publisher\":{\"@id\":\"https:\\\/\\\/complexbr.com\\\/#organization\"},\"potentialAction\":[{\"@type\":\"SearchAction\",\"target\":{\"@type\":\"EntryPoint\",\"urlTemplate\":\"https:\\\/\\\/complexbr.com\\\/?s={search_term_string}\"},\"query-input\":{\"@type\":\"PropertyValueSpecification\",\"valueRequired\":true,\"valueName\":\"search_term_string\"}}],\"inLanguage\":\"en-US\"},{\"@type\":\"Organization\",\"@id\":\"https:\\\/\\\/complexbr.com\\\/#organization\",\"name\":\"Complex MultiModal\",\"url\":\"https:\\\/\\\/complexbr.com\\\/\",\"logo\":{\"@type\":\"ImageObject\",\"inLanguage\":\"en-US\",\"@id\":\"https:\\\/\\\/complexbr.com\\\/#\\\/schema\\\/logo\\\/image\\\/\",\"url\":\"https:\\\/\\\/complexbr.com\\\/wp-content\\\/uploads\\\/2024\\\/06\\\/logo-COMPLEX-horizontal_d400-e1719852540139.png\",\"contentUrl\":\"https:\\\/\\\/complexbr.com\\\/wp-content\\\/uploads\\\/2024\\\/06\\\/logo-COMPLEX-horizontal_d400-e1719852540139.png\",\"width\":343,\"height\":81,\"caption\":\"Complex MultiModal\"},\"image\":{\"@id\":\"https:\\\/\\\/complexbr.com\\\/#\\\/schema\\\/logo\\\/image\\\/\"}}]}<\/script>\n<!-- \/ Yoast SEO plugin. -->","yoast_head_json":{"title":"Blog - Complex","robots":{"index":"index","follow":"follow","max-snippet":"max-snippet:-1","max-image-preview":"max-image-preview:large","max-video-preview":"max-video-preview:-1"},"canonical":"https:\/\/complexbr.com\/en\/blog\/","og_locale":"en_US","og_type":"article","og_title":"Blog - Complex","og_description":"Blog e Not\u00edcias Fique por dentro das \u00faltimas novidades e tend\u00eancias no setor de log\u00edstica. Confira nossos artigos e recursos para obter insights valiosos. \u00daltimas Not\u00edcias Nossos Artigos e Recursos Conte\u00fados exclusivos sobre log\u00edstica multimodal, pr\u00e1ticas de com\u00e9rcio exterior, inova\u00e7\u00f5es no transporte e muito mais. edit post Assessoria em Com\u00e9rcio Exterior para Empresas Navegar pelo [&hellip;]","og_url":"https:\/\/complexbr.com\/en\/blog\/","og_site_name":"Complex","article_modified_time":"2024-07-19T13:06:44+00:00","og_image":[{"url":"https:\/\/healfixadores.com.br\/complex\/wp-content\/uploads\/2024\/06\/Rectangle-4843.jpg","type":"","width":"","height":""}],"twitter_card":"summary_large_image","twitter_misc":{"Est. reading time":"2 minutes"},"schema":{"@context":"https:\/\/schema.org","@graph":[{"@type":"WebPage","@id":"https:\/\/complexbr.com\/blog\/","url":"https:\/\/complexbr.com\/blog\/","name":"Blog - Complex","isPartOf":{"@id":"https:\/\/complexbr.com\/#website"},"primaryImageOfPage":{"@id":"https:\/\/complexbr.com\/blog\/#primaryimage"},"image":{"@id":"https:\/\/complexbr.com\/blog\/#primaryimage"},"thumbnailUrl":"https:\/\/healfixadores.com.br\/complex\/wp-content\/uploads\/2024\/06\/Rectangle-4843.jpg","datePublished":"2024-07-01T13:51:16+00:00","dateModified":"2024-07-19T13:06:44+00:00","breadcrumb":{"@id":"https:\/\/complexbr.com\/blog\/#breadcrumb"},"inLanguage":"en-US","potentialAction":[{"@type":"ReadAction","target":["https:\/\/complexbr.com\/blog\/"]}]},{"@type":"ImageObject","inLanguage":"en-US","@id":"https:\/\/complexbr.com\/blog\/#primaryimage","url":"https:\/\/healfixadores.com.br\/complex\/wp-content\/uploads\/2024\/06\/Rectangle-4843.jpg","contentUrl":"https:\/\/healfixadores.com.br\/complex\/wp-content\/uploads\/2024\/06\/Rectangle-4843.jpg"},{"@type":"BreadcrumbList","@id":"https:\/\/complexbr.com\/blog\/#breadcrumb","itemListElement":[{"@type":"ListItem","position":1,"name":"In\u00edcio","item":"https:\/\/complexbr.com\/"},{"@type":"ListItem","position":2,"name":"Blog"}]},{"@type":"WebSite","@id":"https:\/\/complexbr.com\/#website","url":"https:\/\/complexbr.com\/","name":"Complex Multimodal","description":"","publisher":{"@id":"https:\/\/complexbr.com\/#organization"},"potentialAction":[{"@type":"SearchAction","target":{"@type":"EntryPoint","urlTemplate":"https:\/\/complexbr.com\/?s={search_term_string}"},"query-input":{"@type":"PropertyValueSpecification","valueRequired":true,"valueName":"search_term_string"}}],"inLanguage":"en-US"},{"@type":"Organization","@id":"https:\/\/complexbr.com\/#organization","name":"Complex MultiModal","url":"https:\/\/complexbr.com\/","logo":{"@type":"ImageObject","inLanguage":"en-US","@id":"https:\/\/complexbr.com\/#\/schema\/logo\/image\/","url":"https:\/\/complexbr.com\/wp-content\/uploads\/2024\/06\/logo-COMPLEX-horizontal_d400-e1719852540139.png","contentUrl":"https:\/\/complexbr.com\/wp-content\/uploads\/2024\/06\/logo-COMPLEX-horizontal_d400-e1719852540139.png","width":343,"height":81,"caption":"Complex MultiModal"},"image":{"@id":"https:\/\/complexbr.com\/#\/schema\/logo\/image\/"}}]}},"_links":{"self":[{"href":"https:\/\/complexbr.com\/en\/wp-json\/wp\/v2\/pages\/400","targetHints":{"allow":["GET"]}}],"collection":[{"href":"https:\/\/complexbr.com\/en\/wp-json\/wp\/v2\/pages"}],"about":[{"href":"https:\/\/complexbr.com\/en\/wp-json\/wp\/v2\/types\/page"}],"author":[{"embeddable":true,"href":"https:\/\/complexbr.com\/en\/wp-json\/wp\/v2\/users\/1"}],"replies":[{"embeddable":true,"href":"https:\/\/complexbr.com\/en\/wp-json\/wp\/v2\/comments?post=400"}],"version-history":[{"count":15,"href":"https:\/\/complexbr.com\/en\/wp-json\/wp\/v2\/pages\/400\/revisions"}],"predecessor-version":[{"id":1001,"href":"https:\/\/complexbr.com\/en\/wp-json\/wp\/v2\/pages\/400\/revisions\/1001"}],"wp:attachment":[{"href":"https:\/\/complexbr.com\/en\/wp-json\/wp\/v2\/media?parent=400"}],"curies":[{"name":"wp","href":"https:\/\/api.w.org\/{rel}","templated":true}]}}